{"id":6884,"date":"2015-11-14T20:42:21","date_gmt":"2015-11-14T19:42:21","guid":{"rendered":"http:\/\/beta.flikstudio.com\/?page_id=6884"},"modified":"2024-10-24T12:26:02","modified_gmt":"2024-10-24T16:26:02","slug":"bio","status":"publish","type":"page","link":"https:\/\/www.melans.ca\/fr\/bio","title":{"rendered":"Bio"},"content":{"rendered":"<p>Depuis maintenant plus de trente ans, j\u2019agis \u00e0 titre de producteur, r\u00e9alisateur, sc\u00e9nariste, et monteur sur divers projets publicitaires, t\u00e9l\u00e9visuels et cin\u00e9matographiques , tant en documentaire qu\u2019en fiction. Enthousiaste et curieux, j\u2019ai \u00e9t\u00e9 joueur d\u2019improvisation, com\u00e9dien amateur, sc\u00e9nariste et propri\u00e9taire d\u2019une entreprise. J\u2019ai travaill\u00e9 sur la conception du centre de sciences, sur l&rsquo;\u00e9criture de diff\u00e9rents concepts web et t\u00e9l\u00e9vision, court et long m\u00e9trage. Bon communicateur, j\u2019ai aussi enseign\u00e9 le montage et dirig\u00e9 des \u00e9quipes de cr\u00e9ations. Ces derni\u00e8res ann\u00e9es, j\u2019ai surtout \u00e9t\u00e9 sollicit\u00e9 comme sc\u00e9nariste et monteur. Je suis un passionn\u00e9. J\u2019ai notamment \u00e9t\u00e9 reconnu pour ma cr\u00e9ativit\u00e9 et mon sens du storytelling.<\/p>\n","protected":false},"excerpt":{"rendered":"<p>Depuis maintenant plus de trente ans, j\u2019agis \u00e0 titre de producteur, r\u00e9alisateur, sc\u00e9nariste, et monteur sur divers projets publicitaires, t\u00e9l\u00e9visuels et cin\u00e9matographiques , tant en documentaire qu\u2019en fiction. Enthousiaste et curieux, j\u2019ai \u00e9t\u00e9 joueur d\u2019improvisation, com\u00e9dien amateur, sc\u00e9nariste et propri\u00e9taire d\u2019une entreprise. J\u2019ai travaill\u00e9 sur la conception du centre de&#8230;<\/p>\n","protected":false},"author":4,"featured_media":0,"parent":0,"menu_order":0,"comment_status":"closed","ping_status":"closed","template":"template-about2.php","meta":{"footnotes":""},"class_list":["post-6884","page","type-page","status-publish","hentry"],"_links":{"self":[{"href":"https:\/\/www.melans.ca\/fr\/wp-json\/wp\/v2\/pages\/6884","targetHints":{"allow":["GET"]}}],"collection":[{"href":"https:\/\/www.melans.ca\/fr\/wp-json\/wp\/v2\/pages"}],"about":[{"href":"https:\/\/www.melans.ca\/fr\/wp-json\/wp\/v2\/types\/page"}],"author":[{"embeddable":true,"href":"https:\/\/www.melans.ca\/fr\/wp-json\/wp\/v2\/users\/4"}],"replies":[{"embeddable":true,"href":"https:\/\/www.melans.ca\/fr\/wp-json\/wp\/v2\/comments?post=6884"}],"version-history":[{"count":5,"href":"https:\/\/www.melans.ca\/fr\/wp-json\/wp\/v2\/pages\/6884\/revisions"}],"predecessor-version":[{"id":8281,"href":"https:\/\/www.melans.ca\/fr\/wp-json\/wp\/v2\/pages\/6884\/revisions\/8281"}],"wp:attachment":[{"href":"https:\/\/www.melans.ca\/fr\/wp-json\/wp\/v2\/media?parent=6884"}],"curies":[{"name":"wp","href":"https:\/\/api.w.org\/{rel}","templated":true}]}}